{"id":1978,"date":"2020-09-03T08:15:35","date_gmt":"2020-09-03T08:15:35","guid":{"rendered":"http:\/\/source.wpopal.com\/poco\/?page_id=1978"},"modified":"2026-03-21T20:46:30","modified_gmt":"2026-03-21T17:46:30","slug":"paketli-urunler","status":"publish","type":"page","link":"https:\/\/ashaziryemek.com\/?page_id=1978","title":{"rendered":"Paketli \u00dcr\u00fcnler"},"content":{"rendered":"\t\t<div data-elementor-type=\"wp-page\" data-elementor-id=\"1978\" class=\"elementor elementor-1978\" data-elementor-post-type=\"page\">\n\t\t\t\t<div class=\"elementor-element elementor-element-b2f76fb e-con-full e-flex e-con e-parent\" data-id=\"b2f76fb\" data-element_type=\"container\">\n\t\t\t\t<div class=\"elementor-element elementor-element-07e4f64 elementor-widget elementor-widget-video\" data-id=\"07e4f64\" data-element_type=\"widget\" data-settings=\"{&quot;video_type&quot;:&quot;hosted&quot;,&quot;play_on_mobile&quot;:&quot;yes&quot;,&quot;mute&quot;:&quot;yes&quot;,&quot;loop&quot;:&quot;yes&quot;,&quot;autoplay&quot;:&quot;yes&quot;,&quot;controls&quot;:&quot;yes&quot;}\" data-widget_type=\"video.default\">\n\t\t\t\t\t\t\t<div class=\"e-hosted-video elementor-wrapper elementor-open-inline\">\n\t\t\t\t\t<video class=\"elementor-video\" src=\"https:\/\/ashaziryemek.com\/wp-content\/uploads\/2025\/12\/VID-20251206-WA0048.mp4\" autoplay=\"\" loop=\"\" controls=\"\" muted=\"muted\" playsinline=\"\" controlsList=\"nodownload\"><\/video>\n\t\t\t\t<\/div>\n\t\t\t\t\t\t<\/div>\n\t\t\t\t<\/div>\n\t\t<div class=\"elementor-element elementor-element-6d295b0 e-con-full e-flex e-con e-parent\" data-id=\"6d295b0\" data-element_type=\"container\">\n\t\t\t\t<\/div>\n\t\t\t\t<div class=\"elementor-section elementor-top-section elementor-element elementor-element-9608719 elementor-section-stretched elementor-section-boxed elementor-section-height-default elementor-section-height-default\" data-id=\"9608719\" data-element_type=\"section\" data-settings=\"{&quot;stretch_section&quot;:&quot;section-stretched&quot;}\">\n\t\t\t\t\t\t<div class=\"elementor-container elementor-column-gap-no\">\n\t\t\t\t\t<div class=\"elementor-column elementor-col-33 elementor-top-column elementor-element elementor-element-9ca6f42 animated-fast elementor-invisible\" data-id=\"9ca6f42\" data-element_type=\"column\" data-settings=\"{&quot;animation&quot;:&quot;opal-move-up&quot;}\">\n\t\t\t<div class=\"elementor-widget-wrap elementor-element-populated\">\n\t\t\t\t\t\t<div class=\"elementor-element elementor-element-836c173 elementor-vertical-align-middle elementor-widget-tablet__width-initial elementor-widget-mobile__width-inherit elementor-widget elementor-widget-icon-box\" data-id=\"836c173\" data-element_type=\"widget\" data-widget_type=\"icon-box.default\">\n\t\t\t\t\t\t\t<div class=\"elementor-icon-box-wrapper\">\n\n\t\t\t\n\t\t\t\t\t\t<div class=\"elementor-icon-box-content\">\n\n\t\t\t\t\t\t\t\t\t<h3 class=\"elementor-icon-box-title\">\n\t\t\t\t\t\t<span  >\n\t\t\t\t\t\t\t\u00c7ORBALAR\t\t\t\t\t\t<\/span>\n\t\t\t\t\t<\/h3>\n\t\t\t\t\n\t\t\t\t\t\t\t\t\t<p class=\"elementor-icon-box-description\">\n\t\t\t\t\t\tbrokoli \u00e7orba \ndomates \u00e7orba\nezogelin \u00e7orba\nhavu\u00e7 \u00e7orba\nhavu\u00e7lu kereviz \u00e7orba\nk\u00f6zlenmi\u015f k\u0131rm\u0131z\u0131 biber \u00e7orba\nm\u0131s\u0131r \u00e7orba\nsebze \u00e7orba \nso\u011fan \u00e7orba\ns\u00fczme mercimek \u00e7orba\n\u015fehriye \u00e7orba\ntarhana \u00e7orba \ntavuksuyu \u00e7orba\ntoyga \u00e7orba\nyayla \u00e7orba \n\t\t\t\t\t<\/p>\n\t\t\t\t\n\t\t\t<\/div>\n\t\t\t\n\t\t<\/div>\n\t\t\t\t\t\t<\/div>\n\t\t\t\t\t<\/div>\n\t\t<\/div>\n\t\t\t\t<div class=\"elementor-column elementor-col-33 elementor-top-column elementor-element elementor-element-4ba6fc9 animated-fast elementor-invisible\" data-id=\"4ba6fc9\" data-element_type=\"column\" data-settings=\"{&quot;animation&quot;:&quot;opal-move-up&quot;,&quot;animation_delay&quot;:150}\">\n\t\t\t<div class=\"elementor-widget-wrap elementor-element-populated\">\n\t\t\t\t\t\t<div class=\"elementor-element elementor-element-9b4a792 elementor-vertical-align-middle elementor-widget__width-initial elementor-widget elementor-widget-icon-box\" data-id=\"9b4a792\" data-element_type=\"widget\" data-widget_type=\"icon-box.default\">\n\t\t\t\t\t\t\t<div class=\"elementor-icon-box-wrapper\">\n\n\t\t\t\n\t\t\t\t\t\t<div class=\"elementor-icon-box-content\">\n\n\t\t\t\t\t\t\t\t\t<h3 class=\"elementor-icon-box-title\">\n\t\t\t\t\t\t<span  >\n\t\t\t\t\t\t\tANA YEMEKLER\t\t\t\t\t\t<\/span>\n\t\t\t\t\t<\/h3>\n\t\t\t\t\n\t\t\t\t\t\t\t\t\t<p class=\"elementor-icon-box-description\">\n\t\t\t\t\t\tbezelye kebab\u0131\n\u00e7iftlik kebap\net sote\n\u0131spanak\n\u0131zgara k\u00f6fte,patates \nizmir k\u00f6fte \nkad\u0131nbudu k\u00f6fte \nk\u0131ymal\u0131 f\u0131r\u0131n makarna\nk\u0131ymal\u0131 sebze yahni\nk\u00f6ri soslu tavuk\nkuru fasulye\nmantarl\u0131 tavuk sote\nnohut\norman kebap\nsebzeli misket k\u00f6fte\nsebzeli tavuk f\u0131r\u0131n\nsoya soslu sebzeli tavuk\ntavuk but kavurma,sebzeli\ntavuk d\u00f6ner, domates biber\ntavuklu ka\u011f\u0131t kebap\nterbiyeli k\u00f6fte \nterbiyeli tavuk bonfile\n\t\t\t\t\t<\/p>\n\t\t\t\t\n\t\t\t<\/div>\n\t\t\t\n\t\t<\/div>\n\t\t\t\t\t\t<\/div>\n\t\t\t\t\t<\/div>\n\t\t<\/div>\n\t\t\t\t<div class=\"elementor-column elementor-col-33 elementor-top-column elementor-element elementor-element-c064d2a animated-fast elementor-invisible\" data-id=\"c064d2a\" data-element_type=\"column\" data-settings=\"{&quot;animation&quot;:&quot;opal-move-up&quot;,&quot;animation_delay&quot;:300}\">\n\t\t\t<div class=\"elementor-widget-wrap elementor-element-populated\">\n\t\t\t\t\t\t<div class=\"elementor-element elementor-element-ddd6ce1 elementor-vertical-align-middle elementor-widget__width-inherit elementor-widget elementor-widget-icon-box\" data-id=\"ddd6ce1\" data-element_type=\"widget\" data-widget_type=\"icon-box.default\">\n\t\t\t\t\t\t\t<div class=\"elementor-icon-box-wrapper\">\n\n\t\t\t\n\t\t\t\t\t\t<div class=\"elementor-icon-box-content\">\n\n\t\t\t\t\t\t\t\t\t<h3 class=\"elementor-icon-box-title\">\n\t\t\t\t\t\t<span  >\n\t\t\t\t\t\t\tD\u0130\u011eER YEMEKLER\t\t\t\t\t\t<\/span>\n\t\t\t\t\t<\/h3>\n\t\t\t\t\n\t\t\t\t\t\t\t\t\t<p class=\"elementor-icon-box-description\">\n\t\t\t\t\t\tTATLILAR\nbalkabakl\u0131 muhallebi\nelma komposto\n\u0131slak kek\nirmik helvas\u0131\nke\u015fk\u00fcl\nrevani \nsupangle \ns\u00fctla\u00e7\ntiramisu\ntrile\u00e7e\n\nMEZELER & SALATALAR\nac\u0131l\u0131 ezme \nJalapeno Biber Tur\u015fu\nk\u0131s\u0131r\nmahsuni \nmuhammara \npancarl\u0131 brokoli salatas\u0131\npembe sultan \nroka tarator\nsebzeli k\u0131\u015f salata\ntahinli patl\u0131can \n\nYANCILAR\nbulgur pilav\u0131\nmakarna\npatatesli g\u00fcl b\u00f6re\u011fi\npirin\u00e7 pilav\u0131 \nzeytinya\u011fl\u0131 barbunya pilaki\nzeytinya\u011fl\u0131 p\u0131rasa\n\n\u0130\u00c7ECEKLER\nbardak ayran\nbardak yo\u011furt\nlimonata\n\u015fi\u015fe gazoz\n\t\t\t\t\t<\/p>\n\t\t\t\t\n\t\t\t<\/div>\n\t\t\t\n\t\t<\/div>\n\t\t\t\t\t\t<\/div>\n\t\t\t\t\t<\/div>\n\t\t<\/div>\n\t\t\t\t\t<\/div>\n\t\t<\/div>\n\t\t<div class=\"elementor-element elementor-element-8e9084e e-con-full e-flex e-con e-parent\" data-id=\"8e9084e\" data-element_type=\"container\">\n\t\t\t\t<div class=\"elementor-element elementor-element-3587aca elementor-widget__width-initial elementor-skin-carousel elementor-arrows-yes elementor-pagination-type-bullets elementor-pagination-position-outside elementor-widget elementor-widget-media-carousel\" data-id=\"3587aca\" data-element_type=\"widget\" data-settings=\"{&quot;skin&quot;:&quot;carousel&quot;,&quot;effect&quot;:&quot;slide&quot;,&quot;show_arrows&quot;:&quot;yes&quot;,&quot;pagination&quot;:&quot;bullets&quot;,&quot;speed&quot;:500,&quot;autoplay&quot;:&quot;yes&quot;,&quot;autoplay_speed&quot;:5000,&quot;loop&quot;:&quot;yes&quot;,&quot;pause_on_hover&quot;:&quot;yes&quot;,&quot;pause_on_interaction&quot;:&quot;yes&quot;,&quot;space_between&quot;:{&quot;unit&quot;:&quot;px&quot;,&quot;size&quot;:10,&quot;sizes&quot;:[]},&quot;space_between_tablet&quot;:{&quot;unit&quot;:&quot;px&quot;,&quot;size&quot;:10,&quot;sizes&quot;:[]},&quot;space_between_mobile&quot;:{&quot;unit&quot;:&quot;px&quot;,&quot;size&quot;:10,&quot;sizes&quot;:[]}}\" data-widget_type=\"media-carousel.default\">\n\t\t\t\t\t\t\t\t\t\t<div class=\"elementor-main-swiper swiper\" role=\"region\" aria-roledescription=\"carousel\" aria-label=\"Slides\">\n\t\t\t\t<div class=\"swiper-wrapper\">\n\t\t\t\t\t\t\t\t\t\t\t<div class=\"swiper-slide\" role=\"group\" aria-roledescription=\"slide\">\n\t\t\t\t\t\t\t\t\t<div class=\"elementor-carousel-image\" role=\"img\" aria-label=\"havu\u00e7 tarator (2)\" style=\"background-image: url(&#039;https:\/\/ashaziryemek.com\/wp-content\/uploads\/2025\/08\/havuc-tarator-2.png&#039;)\">\n\n\t\t\t\n\t\t\t\t\t<\/div>\n\t\t\t\t\t\t\t\t<\/div>\n\t\t\t\t\t\t\t\t\t\t\t<div class=\"swiper-slide\" role=\"group\" aria-roledescription=\"slide\">\n\t\t\t\t\t\t\t\t\t<div class=\"elementor-carousel-image\" role=\"img\" aria-label=\"humus\" style=\"background-image: url(&#039;https:\/\/ashaziryemek.com\/wp-content\/uploads\/2025\/08\/humus.png&#039;)\">\n\n\t\t\t\n\t\t\t\t\t<\/div>\n\t\t\t\t\t\t\t\t<\/div>\n\t\t\t\t\t\t\t\t\t\t\t<div class=\"swiper-slide\" role=\"group\" aria-roledescription=\"slide\">\n\t\t\t\t\t\t\t\t\t<div class=\"elementor-carousel-image\" role=\"img\" aria-label=\"Muhammara\" style=\"background-image: url(&#039;https:\/\/ashaziryemek.com\/wp-content\/uploads\/2025\/08\/Muhammara.png&#039;)\">\n\n\t\t\t\n\t\t\t\t\t<\/div>\n\t\t\t\t\t\t\t\t<\/div>\n\t\t\t\t\t\t\t\t\t\t\t<div class=\"swiper-slide\" role=\"group\" aria-roledescription=\"slide\">\n\t\t\t\t\t\t\t\t\t<div class=\"elementor-carousel-image\" role=\"img\" aria-label=\"Zeytinya\u011fl\u0131 Enginar\" style=\"background-image: url(&#039;https:\/\/ashaziryemek.com\/wp-content\/uploads\/2025\/08\/Zeytinyagli-Enginar.png&#039;)\">\n\n\t\t\t\n\t\t\t\t\t<\/div>\n\t\t\t\t\t\t\t\t<\/div>\n\t\t\t\t\t\t\t\t\t\t\t<div class=\"swiper-slide\" role=\"group\" aria-roledescription=\"slide\">\n\t\t\t\t\t\t\t\t\t<div class=\"elementor-carousel-image\" role=\"img\" aria-label=\"ac\u0131l\u0131 ezme\" style=\"background-image: url(&#039;https:\/\/ashaziryemek.com\/wp-content\/uploads\/2025\/08\/acili-ezme.png&#039;)\">\n\n\t\t\t\n\t\t\t\t\t<\/div>\n\t\t\t\t\t\t\t\t<\/div>\n\t\t\t\t\t\t\t\t\t\t\t<div class=\"swiper-slide\" role=\"group\" aria-roledescription=\"slide\">\n\t\t\t\t\t\t\t\t\t<div class=\"elementor-carousel-image\" role=\"img\" aria-label=\"atom\" style=\"background-image: url(&#039;https:\/\/ashaziryemek.com\/wp-content\/uploads\/2025\/08\/atom.png&#039;)\">\n\n\t\t\t\n\t\t\t\t\t<\/div>\n\t\t\t\t\t\t\t\t<\/div>\n\t\t\t\t\t\t\t\t\t\t\t<div class=\"swiper-slide\" role=\"group\" aria-roledescription=\"slide\">\n\t\t\t\t\t\t\t\t\t<div class=\"elementor-carousel-image\" role=\"img\" aria-label=\"babagannu\u015f\" style=\"background-image: url(&#039;https:\/\/ashaziryemek.com\/wp-content\/uploads\/2025\/08\/babagannus.png&#039;)\">\n\n\t\t\t\n\t\t\t\t\t<\/div>\n\t\t\t\t\t\t\t\t<\/div>\n\t\t\t\t\t\t\t\t\t\t\t<div class=\"swiper-slide\" role=\"group\" aria-roledescription=\"slide\">\n\t\t\t\t\t\t\t\t\t<div class=\"elementor-carousel-image\" role=\"img\" aria-label=\"Fava\" style=\"background-image: url(&#039;https:\/\/ashaziryemek.com\/wp-content\/uploads\/2025\/08\/Fava.png&#039;)\">\n\n\t\t\t\n\t\t\t\t\t<\/div>\n\t\t\t\t\t\t\t\t<\/div>\n\t\t\t\t\t\t\t\t\t\t\t<div class=\"swiper-slide\" role=\"group\" aria-roledescription=\"slide\">\n\t\t\t\t\t\t\t\t\t<div class=\"elementor-carousel-image\" role=\"img\" aria-label=\"Girit Ezmesi\" style=\"background-image: url(&#039;https:\/\/ashaziryemek.com\/wp-content\/uploads\/2025\/08\/Girit-Ezmesi.png&#039;)\">\n\n\t\t\t\n\t\t\t\t\t<\/div>\n\t\t\t\t\t\t\t\t<\/div>\n\t\t\t\t\t\t\t\t\t\t\t<div class=\"swiper-slide\" role=\"group\" aria-roledescription=\"slide\">\n\t\t\t\t\t\t\t\t\t<div class=\"elementor-carousel-image\" role=\"img\" aria-label=\"haydari\" style=\"background-image: url(&#039;https:\/\/ashaziryemek.com\/wp-content\/uploads\/2025\/08\/haydari.png&#039;)\">\n\n\t\t\t\n\t\t\t\t\t<\/div>\n\t\t\t\t\t\t\t\t<\/div>\n\t\t\t\t\t\t\t\t\t<\/div>\n\t\t\t\t\t\t\t\t\t\t\t\t\t\t\t<div class=\"elementor-swiper-button elementor-swiper-button-prev\" role=\"button\" tabindex=\"0\" aria-label=\"Previous\">\n\t\t\t\t\t\t\t<svg aria-hidden=\"true\" class=\"e-font-icon-svg e-eicon-chevron-left\" viewBox=\"0 0 1000 1000\" xmlns=\"http:\/\/www.w3.org\/2000\/svg\"><path d=\"M646 125C629 125 613 133 604 142L308 442C296 454 292 471 292 487 292 504 296 521 308 533L604 854C617 867 629 875 646 875 663 875 679 871 692 858 704 846 713 829 713 812 713 796 708 779 692 767L438 487 692 225C700 217 708 204 708 187 708 171 704 154 692 142 675 129 663 125 646 125Z\"><\/path><\/svg>\t\t\t\t\t\t<\/div>\n\t\t\t\t\t\t<div class=\"elementor-swiper-button elementor-swiper-button-next\" role=\"button\" tabindex=\"0\" aria-label=\"Next\">\n\t\t\t\t\t\t\t<svg aria-hidden=\"true\" class=\"e-font-icon-svg e-eicon-chevron-right\" viewBox=\"0 0 1000 1000\" xmlns=\"http:\/\/www.w3.org\/2000\/svg\"><path d=\"M696 533C708 521 713 504 713 487 713 471 708 454 696 446L400 146C388 133 375 125 354 125 338 125 325 129 313 142 300 154 292 171 292 187 292 204 296 221 308 233L563 492 304 771C292 783 288 800 288 817 288 833 296 850 308 863 321 871 338 875 354 875 371 875 388 867 400 854L696 533Z\"><\/path><\/svg>\t\t\t\t\t\t<\/div>\n\t\t\t\t\t\t\t\t\t\t\t\t\t\t\t\t<div class=\"swiper-pagination\"><\/div>\n\t\t\t\t\t\t\t\t\t\t\t\t<\/div>\n\t\t\t\t\t\t\t\t<\/div>\n\t\t\t\t<\/div>\n\t\t<div class=\"elementor-element elementor-element-4e8f0af e-con-full e-flex e-con e-parent\" data-id=\"4e8f0af\" data-element_type=\"container\">\n\t\t\t\t<div class=\"elementor-element elementor-element-513592d elementor-widget elementor-widget-image\" data-id=\"513592d\" data-element_type=\"widget\" data-widget_type=\"image.default\">\n\t\t\t\t\t\t\t\t\t\t\t\t\t\t\t<img fetchpriority=\"high\" decoding=\"async\" width=\"980\" height=\"735\" src=\"https:\/\/ashaziryemek.com\/wp-content\/uploads\/2026\/03\/IMG-20251209-WA0023-1024x768.jpg\" class=\"attachment-large size-large wp-image-8223\" alt=\"\" srcset=\"https:\/\/ashaziryemek.com\/wp-content\/uploads\/2026\/03\/IMG-20251209-WA0023-1024x768.jpg 1024w, https:\/\/ashaziryemek.com\/wp-content\/uploads\/2026\/03\/IMG-20251209-WA0023-300x225.jpg 300w, https:\/\/ashaziryemek.com\/wp-content\/uploads\/2026\/03\/IMG-20251209-WA0023-768x576.jpg 768w, https:\/\/ashaziryemek.com\/wp-content\/uploads\/2026\/03\/IMG-20251209-WA0023-1536x1152.jpg 1536w, https:\/\/ashaziryemek.com\/wp-content\/uploads\/2026\/03\/IMG-20251209-WA0023-1320x990.jpg 1320w, https:\/\/ashaziryemek.com\/wp-content\/uploads\/2026\/03\/IMG-20251209-WA0023-800x600.jpg 800w, https:\/\/ashaziryemek.com\/wp-content\/uploads\/2026\/03\/IMG-20251209-WA0023.jpg 2048w\" sizes=\"(max-width: 980px) 100vw, 980px\" \/>\t\t\t\t\t\t\t\t\t\t\t\t\t\t\t<\/div>\n\t\t\t\t<div class=\"elementor-element elementor-element-b8a8b1e elementor-widget elementor-widget-image\" data-id=\"b8a8b1e\" data-element_type=\"widget\" data-widget_type=\"image.default\">\n\t\t\t\t\t\t\t\t\t\t\t\t\t\t\t<img decoding=\"async\" width=\"768\" height=\"1024\" src=\"https:\/\/ashaziryemek.com\/wp-content\/uploads\/2026\/03\/IMG-20260107-WA0001-768x1024.jpg\" class=\"attachment-large size-large wp-image-8219\" alt=\"\" srcset=\"https:\/\/ashaziryemek.com\/wp-content\/uploads\/2026\/03\/IMG-20260107-WA0001-768x1024.jpg 768w, https:\/\/ashaziryemek.com\/wp-content\/uploads\/2026\/03\/IMG-20260107-WA0001-225x300.jpg 225w, https:\/\/ashaziryemek.com\/wp-content\/uploads\/2026\/03\/IMG-20260107-WA0001-1152x1536.jpg 1152w, https:\/\/ashaziryemek.com\/wp-content\/uploads\/2026\/03\/IMG-20260107-WA0001-1320x1760.jpg 1320w, https:\/\/ashaziryemek.com\/wp-content\/uploads\/2026\/03\/IMG-20260107-WA0001-800x1067.jpg 800w, https:\/\/ashaziryemek.com\/wp-content\/uploads\/2026\/03\/IMG-20260107-WA0001.jpg 1536w\" sizes=\"(max-width: 768px) 100vw, 768px\" \/>\t\t\t\t\t\t\t\t\t\t\t\t\t\t\t<\/div>\n\t\t\t\t<div class=\"elementor-element elementor-element-b661b0e elementor-widget elementor-widget-image\" data-id=\"b661b0e\" data-element_type=\"widget\" data-widget_type=\"image.default\">\n\t\t\t\t\t\t\t\t\t\t\t\t\t\t\t<img decoding=\"async\" width=\"768\" height=\"1024\" src=\"https:\/\/ashaziryemek.com\/wp-content\/uploads\/2026\/03\/IMG-20260122-WA0051-768x1024.jpg\" class=\"attachment-large size-large wp-image-8231\" alt=\"\" srcset=\"https:\/\/ashaziryemek.com\/wp-content\/uploads\/2026\/03\/IMG-20260122-WA0051-768x1024.jpg 768w, https:\/\/ashaziryemek.com\/wp-content\/uploads\/2026\/03\/IMG-20260122-WA0051-225x300.jpg 225w, https:\/\/ashaziryemek.com\/wp-content\/uploads\/2026\/03\/IMG-20260122-WA0051-1152x1536.jpg 1152w, https:\/\/ashaziryemek.com\/wp-content\/uploads\/2026\/03\/IMG-20260122-WA0051-1320x1760.jpg 1320w, https:\/\/ashaziryemek.com\/wp-content\/uploads\/2026\/03\/IMG-20260122-WA0051-800x1067.jpg 800w, https:\/\/ashaziryemek.com\/wp-content\/uploads\/2026\/03\/IMG-20260122-WA0051.jpg 1536w\" sizes=\"(max-width: 768px) 100vw, 768px\" \/>\t\t\t\t\t\t\t\t\t\t\t\t\t\t\t<\/div>\n\t\t\t\t<div class=\"elementor-element elementor-element-03b123d elementor-widget elementor-widget-image\" data-id=\"03b123d\" data-element_type=\"widget\" data-widget_type=\"image.default\">\n\t\t\t\t\t\t\t\t\t\t\t\t\t\t\t<img loading=\"lazy\" decoding=\"async\" width=\"768\" height=\"1024\" src=\"https:\/\/ashaziryemek.com\/wp-content\/uploads\/2026\/03\/IMG-20260202-WA0020-768x1024.jpg\" class=\"attachment-large size-large wp-image-8221\" alt=\"\" srcset=\"https:\/\/ashaziryemek.com\/wp-content\/uploads\/2026\/03\/IMG-20260202-WA0020-768x1024.jpg 768w, https:\/\/ashaziryemek.com\/wp-content\/uploads\/2026\/03\/IMG-20260202-WA0020-225x300.jpg 225w, https:\/\/ashaziryemek.com\/wp-content\/uploads\/2026\/03\/IMG-20260202-WA0020-1152x1536.jpg 1152w, https:\/\/ashaziryemek.com\/wp-content\/uploads\/2026\/03\/IMG-20260202-WA0020-800x1067.jpg 800w, https:\/\/ashaziryemek.com\/wp-content\/uploads\/2026\/03\/IMG-20260202-WA0020.jpg 1200w\" sizes=\"(max-width: 768px) 100vw, 768px\" \/>\t\t\t\t\t\t\t\t\t\t\t\t\t\t\t<\/div>\n\t\t\t\t<div class=\"elementor-element elementor-element-0df97e0 elementor-widget elementor-widget-image\" data-id=\"0df97e0\" data-element_type=\"widget\" data-widget_type=\"image.default\">\n\t\t\t\t\t\t\t\t\t\t\t\t\t\t\t<img loading=\"lazy\" decoding=\"async\" width=\"768\" height=\"1024\" src=\"https:\/\/ashaziryemek.com\/wp-content\/uploads\/2026\/03\/IMG-20260120-WA0010-768x1024.jpg\" class=\"attachment-large size-large wp-image-8222\" alt=\"\" srcset=\"https:\/\/ashaziryemek.com\/wp-content\/uploads\/2026\/03\/IMG-20260120-WA0010-768x1024.jpg 768w, https:\/\/ashaziryemek.com\/wp-content\/uploads\/2026\/03\/IMG-20260120-WA0010-225x300.jpg 225w, https:\/\/ashaziryemek.com\/wp-content\/uploads\/2026\/03\/IMG-20260120-WA0010-1152x1536.jpg 1152w, https:\/\/ashaziryemek.com\/wp-content\/uploads\/2026\/03\/IMG-20260120-WA0010-1320x1760.jpg 1320w, https:\/\/ashaziryemek.com\/wp-content\/uploads\/2026\/03\/IMG-20260120-WA0010-800x1067.jpg 800w, https:\/\/ashaziryemek.com\/wp-content\/uploads\/2026\/03\/IMG-20260120-WA0010.jpg 1536w\" sizes=\"(max-width: 768px) 100vw, 768px\" \/>\t\t\t\t\t\t\t\t\t\t\t\t\t\t\t<\/div>\n\t\t\t\t<div class=\"elementor-element elementor-element-9c47968 elementor-widget elementor-widget-image\" data-id=\"9c47968\" data-element_type=\"widget\" data-widget_type=\"image.default\">\n\t\t\t\t\t\t\t\t\t\t\t\t\t\t\t<img loading=\"lazy\" decoding=\"async\" width=\"768\" height=\"1024\" src=\"https:\/\/ashaziryemek.com\/wp-content\/uploads\/2026\/03\/IMG-20251203-WA0030-768x1024.jpg\" class=\"attachment-large size-large wp-image-8218\" alt=\"\" srcset=\"https:\/\/ashaziryemek.com\/wp-content\/uploads\/2026\/03\/IMG-20251203-WA0030-768x1024.jpg 768w, https:\/\/ashaziryemek.com\/wp-content\/uploads\/2026\/03\/IMG-20251203-WA0030-225x300.jpg 225w, https:\/\/ashaziryemek.com\/wp-content\/uploads\/2026\/03\/IMG-20251203-WA0030-1152x1536.jpg 1152w, https:\/\/ashaziryemek.com\/wp-content\/uploads\/2026\/03\/IMG-20251203-WA0030-1320x1760.jpg 1320w, https:\/\/ashaziryemek.com\/wp-content\/uploads\/2026\/03\/IMG-20251203-WA0030-800x1067.jpg 800w, https:\/\/ashaziryemek.com\/wp-content\/uploads\/2026\/03\/IMG-20251203-WA0030.jpg 1536w\" sizes=\"(max-width: 768px) 100vw, 768px\" \/>\t\t\t\t\t\t\t\t\t\t\t\t\t\t\t<\/div>\n\t\t\t\t<div class=\"elementor-element elementor-element-451217a elementor-widget__width-initial elementor-widget elementor-widget-image\" data-id=\"451217a\" data-element_type=\"widget\" data-widget_type=\"image.default\">\n\t\t\t\t\t\t\t\t\t\t\t\t\t\t\t<img loading=\"lazy\" decoding=\"async\" width=\"768\" height=\"1024\" src=\"https:\/\/ashaziryemek.com\/wp-content\/uploads\/2025\/12\/IMG_5874-768x1024.jpg\" class=\"attachment-large size-large wp-image-7779\" alt=\"\" srcset=\"https:\/\/ashaziryemek.com\/wp-content\/uploads\/2025\/12\/IMG_5874-768x1024.jpg 768w, https:\/\/ashaziryemek.com\/wp-content\/uploads\/2025\/12\/IMG_5874-225x300.jpg 225w, https:\/\/ashaziryemek.com\/wp-content\/uploads\/2025\/12\/IMG_5874-1152x1536.jpg 1152w, https:\/\/ashaziryemek.com\/wp-content\/uploads\/2025\/12\/IMG_5874-1536x2048.jpg 1536w, https:\/\/ashaziryemek.com\/wp-content\/uploads\/2025\/12\/IMG_5874-1320x1760.jpg 1320w, https:\/\/ashaziryemek.com\/wp-content\/uploads\/2025\/12\/IMG_5874-800x1067.jpg 800w, https:\/\/ashaziryemek.com\/wp-content\/uploads\/2025\/12\/IMG_5874-scaled.jpg 1920w\" sizes=\"(max-width: 768px) 100vw, 768px\" \/>\t\t\t\t\t\t\t\t\t\t\t\t\t\t\t<\/div>\n\t\t\t\t<div class=\"elementor-element elementor-element-ba1b6f6 elementor-widget elementor-widget-image\" data-id=\"ba1b6f6\" data-element_type=\"widget\" data-widget_type=\"image.default\">\n\t\t\t\t\t\t\t\t\t\t\t\t\t\t\t<img loading=\"lazy\" decoding=\"async\" width=\"768\" height=\"1024\" src=\"https:\/\/ashaziryemek.com\/wp-content\/uploads\/2026\/03\/IMG-20260307-WA0028-768x1024.jpg\" class=\"attachment-large size-large wp-image-8220\" alt=\"\" srcset=\"https:\/\/ashaziryemek.com\/wp-content\/uploads\/2026\/03\/IMG-20260307-WA0028-768x1024.jpg 768w, https:\/\/ashaziryemek.com\/wp-content\/uploads\/2026\/03\/IMG-20260307-WA0028-225x300.jpg 225w, https:\/\/ashaziryemek.com\/wp-content\/uploads\/2026\/03\/IMG-20260307-WA0028-1152x1536.jpg 1152w, https:\/\/ashaziryemek.com\/wp-content\/uploads\/2026\/03\/IMG-20260307-WA0028-1320x1760.jpg 1320w, https:\/\/ashaziryemek.com\/wp-content\/uploads\/2026\/03\/IMG-20260307-WA0028-800x1067.jpg 800w, https:\/\/ashaziryemek.com\/wp-content\/uploads\/2026\/03\/IMG-20260307-WA0028.jpg 1536w\" sizes=\"(max-width: 768px) 100vw, 768px\" \/>\t\t\t\t\t\t\t\t\t\t\t\t\t\t\t<\/div>\n\t\t\t\t<\/div>\n\t\t\t\t<\/div>\n\t\t","protected":false},"excerpt":{"rendered":"<p>https:\/\/ashaziryemek.com\/wp-content\/uploads\/2025\/12\/VID-20251206-WA0048.mp4 \u00c7ORBALAR brokoli \u00e7orba domates \u00e7orba ezogelin \u00e7orba havu\u00e7 \u00e7orba havu\u00e7lu kereviz \u00e7orba k\u00f6zlenmi\u015f k\u0131rm\u0131z\u0131 biber \u00e7orba m\u0131s\u0131r \u00e7orba sebze \u00e7orba so\u011fan \u00e7orba s\u00fczme mercimek \u00e7orba \u015fehriye \u00e7orba tarhana \u00e7orba tavuksuyu \u00e7orba toyga \u00e7orba yayla \u00e7orba ANA YEMEKLER bezelye kebab\u0131 \u00e7iftlik kebap et sote \u0131spanak \u0131zgara k\u00f6fte,patates izmir k\u00f6fte kad\u0131nbudu k\u00f6fte k\u0131ymal\u0131 f\u0131r\u0131n makarna k\u0131ymal\u0131 [&hellip;]<\/p>\n","protected":false},"author":1,"featured_media":0,"parent":0,"menu_order":0,"comment_status":"closed","ping_status":"closed","template":"","meta":{"pagelayer_contact_templates":[],"_pagelayer_content":"","footnotes":""},"class_list":["post-1978","page","type-page","status-publish","hentry"],"jetpack_sharing_enabled":true,"_links":{"self":[{"href":"https:\/\/ashaziryemek.com\/index.php?rest_route=\/wp\/v2\/pages\/1978","targetHints":{"allow":["GET"]}}],"collection":[{"href":"https:\/\/ashaziryemek.com\/index.php?rest_route=\/wp\/v2\/pages"}],"about":[{"href":"https:\/\/ashaziryemek.com\/index.php?rest_route=\/wp\/v2\/types\/page"}],"author":[{"embeddable":true,"href":"https:\/\/ashaziryemek.com\/index.php?rest_route=\/wp\/v2\/users\/1"}],"replies":[{"embeddable":true,"href":"https:\/\/ashaziryemek.com\/index.php?rest_route=%2Fwp%2Fv2%2Fcomments&post=1978"}],"version-history":[{"count":180,"href":"https:\/\/ashaziryemek.com\/index.php?rest_route=\/wp\/v2\/pages\/1978\/revisions"}],"predecessor-version":[{"id":8234,"href":"https:\/\/ashaziryemek.com\/index.php?rest_route=\/wp\/v2\/pages\/1978\/revisions\/8234"}],"wp:attachment":[{"href":"https:\/\/ashaziryemek.com\/index.php?rest_route=%2Fwp%2Fv2%2Fmedia&parent=1978"}],"curies":[{"name":"wp","href":"https:\/\/api.w.org\/{rel}","templated":true}]}}