{"id":10,"date":"2025-07-16T21:22:27","date_gmt":"2025-07-16T18:22:27","guid":{"rendered":"https:\/\/ashaziryemek.com\/sepet\/"},"modified":"2025-07-16T21:22:27","modified_gmt":"2025-07-16T18:22:27","slug":"sepet","status":"publish","type":"page","link":"https:\/\/ashaziryemek.com\/?page_id=10","title":{"rendered":"Sepet"},"content":{"rendered":"\n<div data-block-name=\"woocommerce\/cart\" class=\"wp-block-woocommerce-cart alignwide is-loading\">\n<div data-block-name=\"woocommerce\/filled-cart-block\" class=\"wp-block-woocommerce-filled-cart-block\">\n<div data-block-name=\"woocommerce\/cart-items-block\" class=\"wp-block-woocommerce-cart-items-block\">\n<div data-block-name=\"woocommerce\/cart-line-items-block\" class=\"wp-block-woocommerce-cart-line-items-block\"><\/div>\n\n\n\n<div data-block-name=\"woocommerce\/cart-cross-sells-block\" class=\"wp-block-woocommerce-cart-cross-sells-block\">\n<h2 class=\"wp-block-heading has-large-font-size\">\u0130lginizi \u00e7ekebilir\u2026<\/h2>\n\n\n\n<div data-block-name=\"woocommerce\/cart-cross-sells-products-block\" class=\"wp-block-woocommerce-cart-cross-sells-products-block\"><\/div>\n<\/div>\n<\/div>\n\n\n\n<div data-block-name=\"woocommerce\/cart-totals-block\" class=\"wp-block-woocommerce-cart-totals-block\">\n<div data-block-name=\"woocommerce\/cart-order-summary-block\" class=\"wp-block-woocommerce-cart-order-summary-block\">\n<div data-block-name=\"woocommerce\/cart-order-summary-heading-block\" class=\"wp-block-woocommerce-cart-order-summary-heading-block\"><\/div><div data-block-name=\"woocommerce\/cart-order-summary-coupon-form-block\" class=\"wp-block-woocommerce-cart-order-summary-coupon-form-block\"><\/div><div data-block-name=\"woocommerce\/cart-order-summary-totals-block\" class=\"wp-block-woocommerce-cart-order-summary-totals-block\">\n<div data-block-name=\"woocommerce\/cart-order-summary-subtotal-block\" class=\"wp-block-woocommerce-cart-order-summary-subtotal-block\"><\/div>\n<div data-block-name=\"woocommerce\/cart-order-summary-discount-block\" class=\"wp-block-woocommerce-cart-order-summary-discount-block\"><\/div>\n<div data-block-name=\"woocommerce\/cart-order-summary-fee-block\" class=\"wp-block-woocommerce-cart-order-summary-fee-block\"><\/div>\n<div data-block-name=\"woocommerce\/cart-order-summary-shipping-block\" class=\"wp-block-woocommerce-cart-order-summary-shipping-block\"><\/div>\n<div data-block-name=\"woocommerce\/cart-order-summary-taxes-block\" class=\"wp-block-woocommerce-cart-order-summary-taxes-block\"><\/div><\/div>\n<\/div>\n\n\n\n<div data-block-name=\"woocommerce\/cart-express-payment-block\" class=\"wp-block-woocommerce-cart-express-payment-block\"><\/div>\n\n\n\n<div data-block-name=\"woocommerce\/proceed-to-checkout-block\" class=\"wp-block-woocommerce-proceed-to-checkout-block\"><\/div>\n\n\n\n<div data-block-name=\"woocommerce\/cart-accepted-payment-methods-block\" class=\"wp-block-woocommerce-cart-accepted-payment-methods-block\"><\/div>\n<\/div>\n<\/div>\n\n\n\n<div data-block-name=\"woocommerce\/empty-cart-block\" class=\"wp-block-woocommerce-empty-cart-block\">\n<h2 class=\"wp-block-heading has-text-align-center with-empty-cart-icon wc-block-cart__empty-cart__title\">Sepetiniz \u015fu anda bo\u015f!<\/h2>\n\n\n\n<hr class=\"wp-block-separator has-alpha-channel-opacity is-style-dots\"\/>\n\n\n\n<h2 class=\"wp-block-heading has-text-align-center\">Ma\u011fazada yeni<\/h2>\n\n\n<div data-block-name=\"woocommerce\/product-new\" data-columns=\"4\" data-rows=\"1\" class=\"wc-block-grid wp-block-product-new wp-block-woocommerce-product-new wc-block-product-new has-4-columns\"><ul class=\"wc-block-grid__products\"><li class=\"wc-block-grid__product\">\n\t\t\t\t<a href=\"https:\/\/ashaziryemek.com\/?product=reyhan-serbeti\" class=\"wc-block-grid__product-link\">\n\t\t\t\t\t\n\t\t\t\t\t<div class=\"wc-block-grid__product-image\"><img fetchpriority=\"high\" decoding=\"async\" width=\"450\" height=\"450\" src=\"https:\/\/ashaziryemek.com\/wp-content\/uploads\/2025\/09\/ChatGPT-Image-19-Eki-2025-22_50_21-450x450.png\" class=\"attachment-woocommerce_thumbnail size-woocommerce_thumbnail\" alt=\"Reyhan \u015eerbeti\" srcset=\"https:\/\/ashaziryemek.com\/wp-content\/uploads\/2025\/09\/ChatGPT-Image-19-Eki-2025-22_50_21-450x450.png 450w, https:\/\/ashaziryemek.com\/wp-content\/uploads\/2025\/09\/ChatGPT-Image-19-Eki-2025-22_50_21-150x150.png 150w, https:\/\/ashaziryemek.com\/wp-content\/uploads\/2025\/09\/ChatGPT-Image-19-Eki-2025-22_50_21-100x100.png 100w, https:\/\/ashaziryemek.com\/wp-content\/uploads\/2025\/09\/ChatGPT-Image-19-Eki-2025-22_50_21-400x400.png 400w, https:\/\/ashaziryemek.com\/wp-content\/uploads\/2025\/09\/ChatGPT-Image-19-Eki-2025-22_50_21-50x50.png 50w\" sizes=\"(max-width: 450px) 100vw, 450px\" \/><\/div>\n\t\t\t\t\t<div class=\"wc-block-grid__product-title\">Reyhan \u015eerbeti<\/div>\n\t\t\t\t<\/a>\n\t\t\t\t<div class=\"wc-block-grid__product-price price\"><\/div>\n\t\t\t\t\n\t\t\t\t<div class=\"wp-block-button wc-block-grid__product-add-to-cart\"><a href=\"https:\/\/ashaziryemek.com\/?product=reyhan-serbeti\" aria-label=\"&ldquo;Reyhan \u015eerbeti&rdquo; hakk\u0131nda daha fazla bilgi edinin\" data-quantity=\"1\" data-product_id=\"7256\" data-product_sku=\"\" data-price=\"0\" rel=\"nofollow\" class=\"wp-block-button__link  add_to_cart_button\">Devam\u0131n\u0131 oku<\/a><\/div>\n\t\t\t<\/li><li class=\"wc-block-grid__product\">\n\t\t\t\t<a href=\"https:\/\/ashaziryemek.com\/?product=ev-yapimi-limonata\" class=\"wc-block-grid__product-link\">\n\t\t\t\t\t\n\t\t\t\t\t<div class=\"wc-block-grid__product-image\"><img decoding=\"async\" width=\"450\" height=\"450\" src=\"https:\/\/ashaziryemek.com\/wp-content\/uploads\/2025\/09\/ChatGPT-Image-19-Eki-2025-22_52_53-450x450.png\" class=\"attachment-woocommerce_thumbnail size-woocommerce_thumbnail\" alt=\"Ev Yap\u0131m\u0131 Limonata\" srcset=\"https:\/\/ashaziryemek.com\/wp-content\/uploads\/2025\/09\/ChatGPT-Image-19-Eki-2025-22_52_53-450x450.png 450w, https:\/\/ashaziryemek.com\/wp-content\/uploads\/2025\/09\/ChatGPT-Image-19-Eki-2025-22_52_53-150x150.png 150w, https:\/\/ashaziryemek.com\/wp-content\/uploads\/2025\/09\/ChatGPT-Image-19-Eki-2025-22_52_53-100x100.png 100w, https:\/\/ashaziryemek.com\/wp-content\/uploads\/2025\/09\/ChatGPT-Image-19-Eki-2025-22_52_53-400x400.png 400w, https:\/\/ashaziryemek.com\/wp-content\/uploads\/2025\/09\/ChatGPT-Image-19-Eki-2025-22_52_53-50x50.png 50w\" sizes=\"(max-width: 450px) 100vw, 450px\" \/><\/div>\n\t\t\t\t\t<div class=\"wc-block-grid__product-title\">Ev Yap\u0131m\u0131 Limonata<\/div>\n\t\t\t\t<\/a>\n\t\t\t\t<div class=\"wc-block-grid__product-price price\"><\/div>\n\t\t\t\t\n\t\t\t\t<div class=\"wp-block-button wc-block-grid__product-add-to-cart\"><a href=\"https:\/\/ashaziryemek.com\/?product=ev-yapimi-limonata\" aria-label=\"&ldquo;Ev Yap\u0131m\u0131 Limonata&rdquo; hakk\u0131nda daha fazla bilgi edinin\" data-quantity=\"1\" data-product_id=\"7255\" data-product_sku=\"\" data-price=\"0\" rel=\"nofollow\" class=\"wp-block-button__link  add_to_cart_button\">Devam\u0131n\u0131 oku<\/a><\/div>\n\t\t\t<\/li><li class=\"wc-block-grid__product\">\n\t\t\t\t<a href=\"https:\/\/ashaziryemek.com\/?product=bowl-7\" class=\"wc-block-grid__product-link\">\n\t\t\t\t\t\n\t\t\t\t\t<div class=\"wc-block-grid__product-image\"><img decoding=\"async\" width=\"450\" height=\"450\" src=\"https:\/\/ashaziryemek.com\/wp-content\/uploads\/2025\/09\/WhatsApp-Image-2025-08-28-at-18.30.32-2-450x450.jpeg\" class=\"attachment-woocommerce_thumbnail size-woocommerce_thumbnail\" alt=\"BOWL 7\" srcset=\"https:\/\/ashaziryemek.com\/wp-content\/uploads\/2025\/09\/WhatsApp-Image-2025-08-28-at-18.30.32-2-450x450.jpeg 450w, https:\/\/ashaziryemek.com\/wp-content\/uploads\/2025\/09\/WhatsApp-Image-2025-08-28-at-18.30.32-2-150x150.jpeg 150w, https:\/\/ashaziryemek.com\/wp-content\/uploads\/2025\/09\/WhatsApp-Image-2025-08-28-at-18.30.32-2-100x100.jpeg 100w, https:\/\/ashaziryemek.com\/wp-content\/uploads\/2025\/09\/WhatsApp-Image-2025-08-28-at-18.30.32-2-400x400.jpeg 400w, https:\/\/ashaziryemek.com\/wp-content\/uploads\/2025\/09\/WhatsApp-Image-2025-08-28-at-18.30.32-2-50x50.jpeg 50w\" sizes=\"(max-width: 450px) 100vw, 450px\" \/><\/div>\n\t\t\t\t\t<div class=\"wc-block-grid__product-title\">BOWL 7<\/div>\n\t\t\t\t<\/a>\n\t\t\t\t<div class=\"wc-block-grid__product-price price\"><\/div>\n\t\t\t\t\n\t\t\t\t<div class=\"wp-block-button wc-block-grid__product-add-to-cart\"><a href=\"https:\/\/ashaziryemek.com\/?product=bowl-7\" aria-label=\"&ldquo;BOWL 7&rdquo; hakk\u0131nda daha fazla bilgi edinin\" data-quantity=\"1\" data-product_id=\"7253\" data-product_sku=\"\" data-price=\"0\" rel=\"nofollow\" class=\"wp-block-button__link  add_to_cart_button\">Devam\u0131n\u0131 oku<\/a><\/div>\n\t\t\t<\/li><li class=\"wc-block-grid__product\">\n\t\t\t\t<a href=\"https:\/\/ashaziryemek.com\/?product=bowl-5\" class=\"wc-block-grid__product-link\">\n\t\t\t\t\t\n\t\t\t\t\t<div class=\"wc-block-grid__product-image\"><img loading=\"lazy\" decoding=\"async\" width=\"450\" height=\"450\" src=\"https:\/\/ashaziryemek.com\/wp-content\/uploads\/2025\/09\/WhatsApp-Image-2025-08-28-at-18.30.33-2-450x450.jpeg\" class=\"attachment-woocommerce_thumbnail size-woocommerce_thumbnail\" alt=\"BOWL 5\" srcset=\"https:\/\/ashaziryemek.com\/wp-content\/uploads\/2025\/09\/WhatsApp-Image-2025-08-28-at-18.30.33-2-450x450.jpeg 450w, https:\/\/ashaziryemek.com\/wp-content\/uploads\/2025\/09\/WhatsApp-Image-2025-08-28-at-18.30.33-2-150x150.jpeg 150w, https:\/\/ashaziryemek.com\/wp-content\/uploads\/2025\/09\/WhatsApp-Image-2025-08-28-at-18.30.33-2-100x100.jpeg 100w, https:\/\/ashaziryemek.com\/wp-content\/uploads\/2025\/09\/WhatsApp-Image-2025-08-28-at-18.30.33-2-400x400.jpeg 400w, https:\/\/ashaziryemek.com\/wp-content\/uploads\/2025\/09\/WhatsApp-Image-2025-08-28-at-18.30.33-2-50x50.jpeg 50w\" sizes=\"(max-width: 450px) 100vw, 450px\" \/><\/div>\n\t\t\t\t\t<div class=\"wc-block-grid__product-title\">BOWL 5<\/div>\n\t\t\t\t<\/a>\n\t\t\t\t<div class=\"wc-block-grid__product-price price\"><\/div>\n\t\t\t\t\n\t\t\t\t<div class=\"wp-block-button wc-block-grid__product-add-to-cart\"><a href=\"https:\/\/ashaziryemek.com\/?product=bowl-5\" aria-label=\"&ldquo;BOWL 5&rdquo; hakk\u0131nda daha fazla bilgi edinin\" data-quantity=\"1\" data-product_id=\"7252\" data-product_sku=\"\" data-price=\"0\" rel=\"nofollow\" class=\"wp-block-button__link  add_to_cart_button\">Devam\u0131n\u0131 oku<\/a><\/div>\n\t\t\t<\/li><\/ul><\/div><\/div>\n<\/div>\n","protected":false},"excerpt":{"rendered":"","protected":false},"author":1,"featured_media":0,"parent":0,"menu_order":0,"comment_status":"closed","ping_status":"closed","template":"","meta":{"pagelayer_contact_templates":[],"_pagelayer_content":"","footnotes":""},"class_list":["post-10","page","type-page","status-publish","hentry"],"jetpack_sharing_enabled":true,"_links":{"self":[{"href":"https:\/\/ashaziryemek.com\/index.php?rest_route=\/wp\/v2\/pages\/10","targetHints":{"allow":["GET"]}}],"collection":[{"href":"https:\/\/ashaziryemek.com\/index.php?rest_route=\/wp\/v2\/pages"}],"about":[{"href":"https:\/\/ashaziryemek.com\/index.php?rest_route=\/wp\/v2\/types\/page"}],"author":[{"embeddable":true,"href":"https:\/\/ashaziryemek.com\/index.php?rest_route=\/wp\/v2\/users\/1"}],"replies":[{"embeddable":true,"href":"https:\/\/ashaziryemek.com\/index.php?rest_route=%2Fwp%2Fv2%2Fcomments&post=10"}],"version-history":[{"count":0,"href":"https:\/\/ashaziryemek.com\/index.php?rest_route=\/wp\/v2\/pages\/10\/revisions"}],"wp:attachment":[{"href":"https:\/\/ashaziryemek.com\/index.php?rest_route=%2Fwp%2Fv2%2Fmedia&parent=10"}],"curies":[{"name":"wp","href":"https:\/\/api.w.org\/{rel}","templated":true}]}}